{"id":6026,"date":"2023-03-16T11:27:28","date_gmt":"2023-03-16T10:27:28","guid":{"rendered":"https:\/\/emilee.ch\/nouvelles\/"},"modified":"2023-08-21T11:53:44","modified_gmt":"2023-08-21T09:53:44","slug":"nouvelles","status":"publish","type":"page","link":"https:\/\/emilee.ch\/fr\/nouvelles\/","title":{"rendered":"Nouvelles"},"content":{"rendered":"<p>[et_pb_section fb_built=\u00a0\u00bb1&Prime; custom_padding_last_edited=\u00a0\u00bbon|tablet\u00a0\u00bb disabled_on=\u00a0\u00bboff|off|off\u00a0\u00bb admin_label=\u00a0\u00bbHeader-News\u00a0\u00bb module_class=\u00a0\u00bbhide-standar hide-lapto\u00a0\u00bb _builder_version=\u00a0\u00bb4.21.0&Prime; _module_preset=\u00a0\u00bbdefault\u00a0\u00bb background_image=\u00a0\u00bbhttps:\/\/emilee.ch\/wp-content\/uploads\/2023\/03\/emilee-News-header-ds-v1-tiny.png\u00a0\u00bb min_height_last_edited=\u00a0\u00bboff|tablet\u00a0\u00bb height_tablet=\u00a0\u00bb300px\u00a0\u00bb height_phone=\u00a0\u00bb250px\u00a0\u00bb height_last_edited=\u00a0\u00bbon|phone\u00a0\u00bb max_height=\u00a0\u00bb23vw\u00a0\u00bb max_height_tablet=\u00a0\u00bb\u00a0\u00bb max_height_phone=\u00a0\u00bb\u00a0\u00bb max_height_last_edited=\u00a0\u00bbon|tablet\u00a0\u00bb custom_margin=\u00a0\u00bb-4vw||||false|false\u00a0\u00bb custom_padding=\u00a0\u00bb||||false|false\u00a0\u00bb custom_padding_tablet=\u00a0\u00bb||0px||false|false\u00a0\u00bb custom_padding_phone=\u00a0\u00bb||0px||false|false\u00a0\u00bb hover_enabled=\u00a0\u00bb0&Prime; background_last_edited=\u00a0\u00bbon|phone\u00a0\u00bb background_image_phone=\u00a0\u00bbhttps:\/\/emilee.ch\/wp-content\/uploads\/2023\/03\/emilee-News-header-ds-v1-tiny.png\u00a0\u00bb background_enable_image_phone=\u00a0\u00bbon\u00a0\u00bb locked=\u00a0\u00bboff\u00a0\u00bb global_colors_info=\u00a0\u00bb{}\u00a0\u00bb sticky_enabled=\u00a0\u00bb0&Prime;][et_pb_row custom_padding_last_edited=\u00a0\u00bbon|phone\u00a0\u00bb _builder_version=\u00a0\u00bb4.22.0&Prime; _module_preset=\u00a0\u00bbdefault\u00a0\u00bb position_origin_a=\u00a0\u00bbbottom_center\u00a0\u00bb width=\u00a0\u00bb95%\u00a0\u00bb width_tablet=\u00a0\u00bb90%\u00a0\u00bb width_phone=\u00a0\u00bb90%\u00a0\u00bb width_last_edited=\u00a0\u00bbon|phone\u00a0\u00bb custom_margin=\u00a0\u00bb||||false|true\u00a0\u00bb custom_margin_tablet=\u00a0\u00bb||||false|false\u00a0\u00bb custom_margin_phone=\u00a0\u00bb||||false|false\u00a0\u00bb custom_margin_last_edited=\u00a0\u00bbon|tablet\u00a0\u00bb custom_padding=\u00a0\u00bb8.3vw||||false|true\u00a0\u00bb custom_padding_tablet=\u00a0\u00bb190px||0px||false|true\u00a0\u00bb custom_padding_phone=\u00a0\u00bb170px||0px||false|true\u00a0\u00bb hover_enabled=\u00a0\u00bb0&Prime; module_alignment_tablet=\u00a0\u00bb\u00a0\u00bb module_alignment_phone=\u00a0\u00bbcenter\u00a0\u00bb module_alignment_last_edited=\u00a0\u00bbon|phone\u00a0\u00bb global_colors_info=\u00a0\u00bb{}\u00a0\u00bb max_width=\u00a0\u00bb95%\u00a0\u00bb sticky_enabled=\u00a0\u00bb0&Prime;][et_pb_column type=\u00a0\u00bb4_4&Prime; _builder_version=\u00a0\u00bb4.19.2&Prime; _module_preset=\u00a0\u00bbdefault\u00a0\u00bb global_colors_info=\u00a0\u00bb{}\u00a0\u00bb][et_pb_text _builder_version=\u00a0\u00bb4.21.0&Prime; _module_preset=\u00a0\u00bbdefault\u00a0\u00bb header_font=\u00a0\u00bb|800||on|||||\u00a0\u00bb header_text_align=\u00a0\u00bbleft\u00a0\u00bb header_text_color=\u00a0\u00bb#FFFFFF\u00a0\u00bb header_font_size=\u00a0\u00bb9.4vw\u00a0\u00bb header_letter_spacing=\u00a0\u00bb-7px\u00a0\u00bb header_line_height=\u00a0\u00bb0.8em\u00a0\u00bb transform_translate_linked=\u00a0\u00bboff\u00a0\u00bb custom_margin=\u00a0\u00bb2.5vw|0px||0px|false|true\u00a0\u00bb custom_margin_tablet=\u00a0\u00bb-10px||||false|false\u00a0\u00bb custom_margin_phone=\u00a0\u00bb||||false|false\u00a0\u00bb custom_margin_last_edited=\u00a0\u00bbon|phone\u00a0\u00bb custom_padding=\u00a0\u00bb|0px||0px|false|true\u00a0\u00bb custom_padding_tablet=\u00a0\u00bb||||false|true\u00a0\u00bb custom_padding_phone=\u00a0\u00bb||||false|true\u00a0\u00bb custom_padding_last_edited=\u00a0\u00bbon|phone\u00a0\u00bb header_font_size_tablet=\u00a0\u00bb75px\u00a0\u00bb header_font_size_phone=\u00a0\u00bb33px\u00a0\u00bb header_font_size_last_edited=\u00a0\u00bbon|phone\u00a0\u00bb header_letter_spacing_tablet=\u00a0\u00bb-3px\u00a0\u00bb header_letter_spacing_phone=\u00a0\u00bb-3px\u00a0\u00bb header_letter_spacing_last_edited=\u00a0\u00bbon|tablet\u00a0\u00bb header_line_height_tablet=\u00a0\u00bb0.8em\u00a0\u00bb header_line_height_phone=\u00a0\u00bb28px\u00a0\u00bb header_line_height_last_edited=\u00a0\u00bbon|phone\u00a0\u00bb global_colors_info=\u00a0\u00bb{}\u00a0\u00bb]<\/p>\n<h1>Nouvelles<\/h1>\n<p>[\/et_pb_text][\/et_pb_column][\/et_pb_row][\/et_pb_section][et_pb_section fb_built=\u00a0\u00bb1&Prime; admin_label=\u00a0\u00bbNews\u00a0\u00bb _builder_version=\u00a0\u00bb4.19.5&Prime; _module_preset=\u00a0\u00bbdefault\u00a0\u00bb custom_margin=\u00a0\u00bb0px||||false|false\u00a0\u00bb custom_padding=\u00a0\u00bb0px||||false|false\u00a0\u00bb locked=\u00a0\u00bboff\u00a0\u00bb global_colors_info=\u00a0\u00bb{}\u00a0\u00bb][et_pb_row _builder_version=\u00a0\u00bb4.22.0&Prime; _module_preset=\u00a0\u00bbdefault\u00a0\u00bb hover_enabled=\u00a0\u00bb0&Prime; global_colors_info=\u00a0\u00bb{}\u00a0\u00bb max_width=\u00a0\u00bb80%\u00a0\u00bb sticky_enabled=\u00a0\u00bb0&Prime;][et_pb_column type=\u00a0\u00bb4_4&Prime; _builder_version=\u00a0\u00bb4.21.0&Prime; _module_preset=\u00a0\u00bbdefault\u00a0\u00bb global_colors_info=\u00a0\u00bb{}\u00a0\u00bb][et_pb_blog fullwidth=\u00a0\u00bboff\u00a0\u00bb posts_number=\u00a0\u00bb9&Prime; include_categories=\u00a0\u00bball\u00a0\u00bb show_more=\u00a0\u00bbon\u00a0\u00bb show_author=\u00a0\u00bboff\u00a0\u00bb show_categories=\u00a0\u00bboff\u00a0\u00bb module_class=\u00a0\u00bbtsp-custom-read-more-text\u00a0\u00bb _builder_version=\u00a0\u00bb4.21.0&Prime; _module_preset=\u00a0\u00bbdefault\u00a0\u00bb header_font=\u00a0\u00bb|800||on|||||\u00a0\u00bb header_text_align=\u00a0\u00bbright\u00a0\u00bb header_font_size=\u00a0\u00bb2vw\u00a0\u00bb header_letter_spacing=\u00a0\u00bb-2px\u00a0\u00bb header_line_height=\u00a0\u00bb0.8em\u00a0\u00bb body_font=\u00a0\u00bb|300|||||||\u00a0\u00bb meta_font=\u00a0\u00bb|300|||||||\u00a0\u00bb meta_text_align=\u00a0\u00bbright\u00a0\u00bb read_more_font=\u00a0\u00bb|800||on|||||\u00a0\u00bb read_more_text_color=\u00a0\u00bb#000000&Prime; read_more_font_size=\u00a0\u00bb31px\u00a0\u00bb animation_style=\u00a0\u00bbfade\u00a0\u00bb header_font_size_tablet=\u00a0\u00bb31px\u00a0\u00bb header_font_size_phone=\u00a0\u00bb31px\u00a0\u00bb header_font_size_last_edited=\u00a0\u00bbon|phone\u00a0\u00bb header_letter_spacing_tablet=\u00a0\u00bb-2px\u00a0\u00bb header_letter_spacing_phone=\u00a0\u00bb-2px\u00a0\u00bb header_letter_spacing_last_edited=\u00a0\u00bbon|tablet\u00a0\u00bb header_line_height_tablet=\u00a0\u00bb0.9em\u00a0\u00bb header_line_height_phone=\u00a0\u00bb0.9em\u00a0\u00bb header_line_height_last_edited=\u00a0\u00bbon|phone\u00a0\u00bb body_font_size_tablet=\u00a0\u00bb16px\u00a0\u00bb body_font_size_phone=\u00a0\u00bb16px\u00a0\u00bb body_font_size_last_edited=\u00a0\u00bbon|tablet\u00a0\u00bb read_more_font_size_tablet=\u00a0\u00bb31px\u00a0\u00bb read_more_font_size_phone=\u00a0\u00bb20px\u00a0\u00bb read_more_font_size_last_edited=\u00a0\u00bbon|phone\u00a0\u00bb custom_css_read_more=\u00a0\u00bbdisplay: block;||text-align: right;\u00a0\u00bb global_colors_info=\u00a0\u00bb{}\u00a0\u00bb][\/et_pb_blog][et_pb_code _builder_version=\u00a0\u00bb4.21.0&Prime; _module_preset=\u00a0\u00bbdefault\u00a0\u00bb global_colors_info=\u00a0\u00bb{}\u00a0\u00bb]<script>(function ($) {<!-- [et_pb_line_break_holder] -->  $(document).on(\"ready ajaxComplete\", function () {<!-- [et_pb_line_break_holder] -->    $(\".tsp-custom-read-more-text .et_pb_post a.more-link\").html(\">More\");<!-- [et_pb_line_break_holder] -->  });<!-- [et_pb_line_break_holder] -->})(jQuery);<!-- [et_pb_line_break_holder] -->  <\/script>[\/et_pb_code][\/et_pb_column][\/et_pb_row][\/et_pb_section]<\/p>\n","protected":false},"excerpt":{"rendered":"<p>Nouvelles<\/p>\n","protected":false},"author":1,"featured_media":4863,"parent":0,"menu_order":0,"comment_status":"closed","ping_status":"closed","template":"","meta":{"_et_pb_use_builder":"on","_et_pb_old_content":"","_et_gb_content_width":"","content-type":"","footnotes":""},"class_list":["post-6026","page","type-page","status-publish","has-post-thumbnail","hentry"],"yoast_head":"<!-- This site is optimized with the Yoast SEO plugin v25.6 - https:\/\/yoast.com\/wordpress\/plugins\/seo\/ -->\n<title>Nouvelles - emilee<\/title>\n<meta name=\"description\" content=\"N&#039;h\u00e9sitez pas \u00e0 consulter nos articles pour plus d&#039;informations sur le Capital Humain et l&#039;importance des comp\u00e9tences dans le succ\u00e8s de votre Organisation.\" \/>\n<meta name=\"robots\" content=\"index, follow, max-snippet:-1, max-image-preview:large, max-video-preview:-1\" \/>\n<link rel=\"canonical\" href=\"https:\/\/emilee.ch\/fr\/nouvelles\/\" \/>\n<meta property=\"og:locale\" content=\"fr_FR\" \/>\n<meta property=\"og:type\" content=\"article\" \/>\n<meta property=\"og:title\" content=\"Nouvelles - emilee\" \/>\n<meta property=\"og:description\" content=\"N&#039;h\u00e9sitez pas \u00e0 consulter nos articles pour plus d&#039;informations sur le Capital Humain et l&#039;importance des comp\u00e9tences dans le succ\u00e8s de votre Organisation.\" \/>\n<meta property=\"og:url\" content=\"https:\/\/emilee.ch\/fr\/nouvelles\/\" \/>\n<meta property=\"og:site_name\" content=\"emilee\" \/>\n<meta property=\"article:modified_time\" content=\"2023-08-21T09:53:44+00:00\" \/>\n<meta property=\"og:image\" content=\"https:\/\/emilee.ch\/wp-content\/uploads\/2023\/03\/emilee-News-header-ds-v1-tiny.png\" \/>\n<meta name=\"twitter:card\" content=\"summary_large_image\" \/>\n<meta name=\"twitter:title\" content=\"Nouvelles - emilee\" \/>\n<meta name=\"twitter:description\" content=\"N&#039;h\u00e9sitez pas \u00e0 consulter nos articles pour plus d&#039;informations sur le Capital Humain et l&#039;importance des comp\u00e9tences dans le succ\u00e8s de votre Organisation.\" \/>\n<meta name=\"twitter:image\" content=\"https:\/\/emilee.ch\/wp-content\/uploads\/2023\/03\/emilee-News-header-ds-v1-tiny.png\" \/>\n<meta name=\"twitter:label1\" content=\"Dur\u00e9e de lecture estim\u00e9e\" \/>\n\t<meta name=\"twitter:data1\" content=\"3 minutes\" \/>\n<script type=\"application\/ld+json\" class=\"yoast-schema-graph\">{\"@context\":\"https:\/\/schema.org\",\"@graph\":[{\"@type\":\"WebPage\",\"@id\":\"https:\/\/emilee.ch\/fr\/nouvelles\/\",\"url\":\"https:\/\/emilee.ch\/fr\/nouvelles\/\",\"name\":\"Nouvelles - emilee\",\"isPartOf\":{\"@id\":\"https:\/\/emilee.ch\/fr\/#website\"},\"primaryImageOfPage\":{\"@id\":\"https:\/\/emilee.ch\/fr\/nouvelles\/#primaryimage\"},\"image\":{\"@id\":\"https:\/\/emilee.ch\/fr\/nouvelles\/#primaryimage\"},\"thumbnailUrl\":\"https:\/\/emilee.ch\/wp-content\/uploads\/2023\/03\/emilee-News-header-ds-v1-tiny.png\",\"datePublished\":\"2023-03-16T10:27:28+00:00\",\"dateModified\":\"2023-08-21T09:53:44+00:00\",\"description\":\"N'h\u00e9sitez pas \u00e0 consulter nos articles pour plus d'informations sur le Capital Humain et l'importance des comp\u00e9tences dans le succ\u00e8s de votre Organisation.\",\"breadcrumb\":{\"@id\":\"https:\/\/emilee.ch\/fr\/nouvelles\/#breadcrumb\"},\"inLanguage\":\"fr-FR\",\"potentialAction\":[{\"@type\":\"ReadAction\",\"target\":[\"https:\/\/emilee.ch\/fr\/nouvelles\/\"]}]},{\"@type\":\"ImageObject\",\"inLanguage\":\"fr-FR\",\"@id\":\"https:\/\/emilee.ch\/fr\/nouvelles\/#primaryimage\",\"url\":\"https:\/\/emilee.ch\/wp-content\/uploads\/2023\/03\/emilee-News-header-ds-v1-tiny.png\",\"contentUrl\":\"https:\/\/emilee.ch\/wp-content\/uploads\/2023\/03\/emilee-News-header-ds-v1-tiny.png\",\"width\":1920,\"height\":420,\"caption\":\"A woman reading a book, representing the people who read our news\"},{\"@type\":\"BreadcrumbList\",\"@id\":\"https:\/\/emilee.ch\/fr\/nouvelles\/#breadcrumb\",\"itemListElement\":[{\"@type\":\"ListItem\",\"position\":1,\"name\":\"Home\",\"item\":\"https:\/\/emilee.ch\/fr\/\"},{\"@type\":\"ListItem\",\"position\":2,\"name\":\"Nouvelles\"}]},{\"@type\":\"WebSite\",\"@id\":\"https:\/\/emilee.ch\/fr\/#website\",\"url\":\"https:\/\/emilee.ch\/fr\/\",\"name\":\"emilee - People are your Force\",\"description\":\"People are your force\",\"publisher\":{\"@id\":\"https:\/\/emilee.ch\/fr\/#organization\"},\"potentialAction\":[{\"@type\":\"SearchAction\",\"target\":{\"@type\":\"EntryPoint\",\"urlTemplate\":\"https:\/\/emilee.ch\/fr\/?s={search_term_string}\"},\"query-input\":{\"@type\":\"PropertyValueSpecification\",\"valueRequired\":true,\"valueName\":\"search_term_string\"}}],\"inLanguage\":\"fr-FR\"},{\"@type\":\"Organization\",\"@id\":\"https:\/\/emilee.ch\/fr\/#organization\",\"name\":\"emilee - People are your Force\",\"url\":\"https:\/\/emilee.ch\/fr\/\",\"logo\":{\"@type\":\"ImageObject\",\"inLanguage\":\"fr-FR\",\"@id\":\"https:\/\/emilee.ch\/fr\/#\/schema\/logo\/image\/\",\"url\":\"https:\/\/emilee.ch\/wp-content\/uploads\/2023\/06\/logo-emilee-couleur.png\",\"contentUrl\":\"https:\/\/emilee.ch\/wp-content\/uploads\/2023\/06\/logo-emilee-couleur.png\",\"width\":585,\"height\":160,\"caption\":\"emilee - People are your Force\"},\"image\":{\"@id\":\"https:\/\/emilee.ch\/fr\/#\/schema\/logo\/image\/\"},\"sameAs\":[\"https:\/\/www.linkedin.com\/company\/emilee\/\"]}]}<\/script>\n<!-- \/ Yoast SEO plugin. -->","yoast_head_json":{"title":"Nouvelles - emilee","description":"N'h\u00e9sitez pas \u00e0 consulter nos articles pour plus d'informations sur le Capital Humain et l'importance des comp\u00e9tences dans le succ\u00e8s de votre Organisation.","robots":{"index":"index","follow":"follow","max-snippet":"max-snippet:-1","max-image-preview":"max-image-preview:large","max-video-preview":"max-video-preview:-1"},"canonical":"https:\/\/emilee.ch\/fr\/nouvelles\/","og_locale":"fr_FR","og_type":"article","og_title":"Nouvelles - emilee","og_description":"N'h\u00e9sitez pas \u00e0 consulter nos articles pour plus d'informations sur le Capital Humain et l'importance des comp\u00e9tences dans le succ\u00e8s de votre Organisation.","og_url":"https:\/\/emilee.ch\/fr\/nouvelles\/","og_site_name":"emilee","article_modified_time":"2023-08-21T09:53:44+00:00","og_image":[{"url":"https:\/\/emilee.ch\/wp-content\/uploads\/2023\/03\/emilee-News-header-ds-v1-tiny.png","type":"","width":"","height":""}],"twitter_card":"summary_large_image","twitter_title":"Nouvelles - emilee","twitter_description":"N'h\u00e9sitez pas \u00e0 consulter nos articles pour plus d'informations sur le Capital Humain et l'importance des comp\u00e9tences dans le succ\u00e8s de votre Organisation.","twitter_image":"https:\/\/emilee.ch\/wp-content\/uploads\/2023\/03\/emilee-News-header-ds-v1-tiny.png","twitter_misc":{"Dur\u00e9e de lecture estim\u00e9e":"3 minutes"},"schema":{"@context":"https:\/\/schema.org","@graph":[{"@type":"WebPage","@id":"https:\/\/emilee.ch\/fr\/nouvelles\/","url":"https:\/\/emilee.ch\/fr\/nouvelles\/","name":"Nouvelles - emilee","isPartOf":{"@id":"https:\/\/emilee.ch\/fr\/#website"},"primaryImageOfPage":{"@id":"https:\/\/emilee.ch\/fr\/nouvelles\/#primaryimage"},"image":{"@id":"https:\/\/emilee.ch\/fr\/nouvelles\/#primaryimage"},"thumbnailUrl":"https:\/\/emilee.ch\/wp-content\/uploads\/2023\/03\/emilee-News-header-ds-v1-tiny.png","datePublished":"2023-03-16T10:27:28+00:00","dateModified":"2023-08-21T09:53:44+00:00","description":"N'h\u00e9sitez pas \u00e0 consulter nos articles pour plus d'informations sur le Capital Humain et l'importance des comp\u00e9tences dans le succ\u00e8s de votre Organisation.","breadcrumb":{"@id":"https:\/\/emilee.ch\/fr\/nouvelles\/#breadcrumb"},"inLanguage":"fr-FR","potentialAction":[{"@type":"ReadAction","target":["https:\/\/emilee.ch\/fr\/nouvelles\/"]}]},{"@type":"ImageObject","inLanguage":"fr-FR","@id":"https:\/\/emilee.ch\/fr\/nouvelles\/#primaryimage","url":"https:\/\/emilee.ch\/wp-content\/uploads\/2023\/03\/emilee-News-header-ds-v1-tiny.png","contentUrl":"https:\/\/emilee.ch\/wp-content\/uploads\/2023\/03\/emilee-News-header-ds-v1-tiny.png","width":1920,"height":420,"caption":"A woman reading a book, representing the people who read our news"},{"@type":"BreadcrumbList","@id":"https:\/\/emilee.ch\/fr\/nouvelles\/#breadcrumb","itemListElement":[{"@type":"ListItem","position":1,"name":"Home","item":"https:\/\/emilee.ch\/fr\/"},{"@type":"ListItem","position":2,"name":"Nouvelles"}]},{"@type":"WebSite","@id":"https:\/\/emilee.ch\/fr\/#website","url":"https:\/\/emilee.ch\/fr\/","name":"emilee - People are your Force","description":"People are your force","publisher":{"@id":"https:\/\/emilee.ch\/fr\/#organization"},"potentialAction":[{"@type":"SearchAction","target":{"@type":"EntryPoint","urlTemplate":"https:\/\/emilee.ch\/fr\/?s={search_term_string}"},"query-input":{"@type":"PropertyValueSpecification","valueRequired":true,"valueName":"search_term_string"}}],"inLanguage":"fr-FR"},{"@type":"Organization","@id":"https:\/\/emilee.ch\/fr\/#organization","name":"emilee - People are your Force","url":"https:\/\/emilee.ch\/fr\/","logo":{"@type":"ImageObject","inLanguage":"fr-FR","@id":"https:\/\/emilee.ch\/fr\/#\/schema\/logo\/image\/","url":"https:\/\/emilee.ch\/wp-content\/uploads\/2023\/06\/logo-emilee-couleur.png","contentUrl":"https:\/\/emilee.ch\/wp-content\/uploads\/2023\/06\/logo-emilee-couleur.png","width":585,"height":160,"caption":"emilee - People are your Force"},"image":{"@id":"https:\/\/emilee.ch\/fr\/#\/schema\/logo\/image\/"},"sameAs":["https:\/\/www.linkedin.com\/company\/emilee\/"]}]}},"_links":{"self":[{"href":"https:\/\/emilee.ch\/fr\/wp-json\/wp\/v2\/pages\/6026","targetHints":{"allow":["GET"]}}],"collection":[{"href":"https:\/\/emilee.ch\/fr\/wp-json\/wp\/v2\/pages"}],"about":[{"href":"https:\/\/emilee.ch\/fr\/wp-json\/wp\/v2\/types\/page"}],"author":[{"embeddable":true,"href":"https:\/\/emilee.ch\/fr\/wp-json\/wp\/v2\/users\/1"}],"replies":[{"embeddable":true,"href":"https:\/\/emilee.ch\/fr\/wp-json\/wp\/v2\/comments?post=6026"}],"version-history":[{"count":6,"href":"https:\/\/emilee.ch\/fr\/wp-json\/wp\/v2\/pages\/6026\/revisions"}],"predecessor-version":[{"id":6192,"href":"https:\/\/emilee.ch\/fr\/wp-json\/wp\/v2\/pages\/6026\/revisions\/6192"}],"wp:featuredmedia":[{"embeddable":true,"href":"https:\/\/emilee.ch\/fr\/wp-json\/wp\/v2\/media\/4863"}],"wp:attachment":[{"href":"https:\/\/emilee.ch\/fr\/wp-json\/wp\/v2\/media?parent=6026"}],"curies":[{"name":"wp","href":"https:\/\/api.w.org\/{rel}","templated":true}]}}